{"id":907,"date":"2023-02-09T12:24:16","date_gmt":"2023-02-09T12:24:16","guid":{"rendered":"https:\/\/grottesduregulus.com\/?page_id=907"},"modified":"2026-01-14T11:19:46","modified_gmt":"2026-01-14T11:19:46","slug":"presentation","status":"publish","type":"page","link":"https:\/\/grottesduregulus.com\/en\/presentation\/","title":{"rendered":"Presentation"},"content":{"rendered":"<h1>Les Grottes du R\u00e9gulus<\/h1>\n<p><img decoding=\"async\" data-src=\"\/wp-content\/uploads\/2025\/04\/20190429_1409350-Tinyjpeg-scaled.jpg\" alt=\"\" src=\"data:image\/svg+xml;base64,PHN2ZyB3aWR0aD0iMSIgaGVpZ2h0PSIxIiB4bWxucz0iaHR0cDovL3d3dy53My5vcmcvMjAwMC9zdmciPjwvc3ZnPg==\" class=\"lazyload\" style=\"--smush-placeholder-width: 1920px; --smush-placeholder-aspect-ratio: 1920\/2560;\"><\/p>\n<h1>\n<h2 style=\"text-align: center;\">Grottes du R\u00e9gulus<\/h2>\n<\/h1>\n<hr>\n<div>\n<p class=\"none-en\"><span>Situ\u00e9es \u00e0 12 km de <strong> Royan<\/strong>, <strong>les grottes du R\u00e9gulus<\/strong>, site troglodytique municipal, sont ouvertes au public de P\u00e2ques \u00e0 la Toussaint. Surplombant l<strong>&lsquo;estuaire de la Gironde<\/strong> et creus\u00e9s dans des falaises de calcaire, les \u00ab trous \u00bb de <strong>Meschers<\/strong> vous accueillent dans un \u00e9crin d\u2019exception. A l&rsquo;origine naturelles, les grottes de <strong>Meschers<\/strong> furent agrandies par l&rsquo;homme pour devenir au XIX\u00e8me si\u00e8cle un habitat troglodytique. Le nom de <strong>R\u00e9gulus<\/strong> vient d&rsquo;un navire fran\u00e7ais qui, sous Napol\u00e9on, pris en chasse par les Anglais fut sabord\u00e9 devant Meschers. Th\u00e8mes abord\u00e9s pendant la visite : site refuge pour les protestants pendant les Guerres de Religion, g\u00e9ologie, estuaire, p\u00eache, tourisme au XIX\u00e8me si\u00e8cle, carrelet sur ponton, histoire du R\u00e9gulus, l\u00e9gende de Cadet le naufrageur et habitat troglodytique. Pendant la visite, les enfants peuvent aider la petite crevette <strong>Minidik<\/strong> qui se pose bien des questions sur les habitudes de ces dr\u00f4les d&rsquo;animaux \u00e0 deux pattes qui vivent dans la falaise du R\u00e9gulus.<\/span><\/p>\n<p><span>En 2022 la municipalit\u00e9 r\u00e9alise d&rsquo;importants travaux de s\u00e9curisation et de requalification des grottes. Cette m\u00eame ann\u00e9e le site s&rsquo;enrichit d&rsquo;une nouvelle mus\u00e9ographie. <\/span><span class=\"none-en\">Accueillant, dans un environnement exceptionnel, plus de 90 000 visiteurs par saison <strong>les grottes municipales des Fontaines et du R\u00e9gulus<\/strong> sont un des acteurs incontournables du tourisme en <strong>Charente Maritime<\/strong>.<\/span><\/p>\n<\/div>\n<p><img decoding=\"async\" data-src=\"\/wp-content\/uploads\/2022\/02\/yps_2760_yoshipowershot.com_.jpg\" alt=\"\" src=\"data:image\/svg+xml;base64,PHN2ZyB3aWR0aD0iMSIgaGVpZ2h0PSIxIiB4bWxucz0iaHR0cDovL3d3dy53My5vcmcvMjAwMC9zdmciPjwvc3ZnPg==\" class=\"lazyload\" style=\"--smush-placeholder-width: 800px; --smush-placeholder-aspect-ratio: 800\/533;\"><\/p>\n<h2>Pourquoi les Grottes du R\u00e9gulus ?<\/h2>\n<hr>\n<div>\n<p><span>Nous sommes en 1814. Le capitaine de vaisseau Jacques Mathieu R\u00c9GNAULD, commandant du R\u00e9gulus, un deux ponts trois m\u00e2ts, re\u00e7oit l\u2019ordre de contr\u00f4ler l\u2019embouchure de la Gironde pour en interdire l\u2019entr\u00e9e aux britanniques. Accompagn\u00e9 de trois bricks (le Malais, le Sans-Soucis, et le Java) il part accomplir sa mission. Mouill\u00e9 en rade du Verdon, les quatre navires durent faire tr\u00e8s rapidement face \u00e0 une escadre anglaise d\u2019une dizaine de navires qui venait reprendre le contr\u00f4le de l\u2019embouchure.<\/span><\/p>\n<\/div>\n<div>\n<p><span>Face \u00e0 la puissance de feu de la flotte anglaise, les fran\u00e7ais vont se mettre \u00e0 l\u2019abri devant le fort de Meschers. La situation est d\u00e9sesp\u00e9r\u00e9e. Suivant alors les instructions qu\u2019il avait re\u00e7ues de sa hi\u00e9rarchie, le capitaine R\u00e9gnauld d\u00e9cide de saborder sa flotte plut\u00f4t que de la laisser aux mains des anglais. Dans la nuit du 7 au 8 avril 1814, les \u00e9quipages sont d\u00e9barqu\u00e9s. Les officiers disposent \u00e0 des endroits strat\u00e9giques des mati\u00e8res combustibles et au milieu de la nuit y mettent le feu.<\/span><\/p>\n<\/div>\n<div>\n<p><span>La l\u00e9gende voudrait que le R\u00e9gulus br\u00fbla durant 3 jours et 3 nuits. C\u2019est depuis cette nuit du 7 au 8 avril 1814 que les michelaises et les michelais ont pris l\u2019habitude d\u2019appeler ce groupe de grottes du nom du <em>R\u00e9gulus<\/em>.<\/span><\/p>\n<\/div>\n<p><!--more--><br \/>\n<!-- {\"type\":\"layout\",\"children\":[{\"type\":\"section\",\"props\":{\"animation\":\"fade\",\"animation_delay\":\"200\",\"image\":\"wp-content\\\/uploads\\\/2026\\\/01\\\/dji_0022_yoshipowershot.com-copie-4.jpg\",\"image_position\":\"center-center\",\"image_size\":\"cover\",\"overlap\":true,\"padding_remove_bottom\":false,\"padding_remove_horizontal\":false,\"style\":\"primary\",\"title_breakpoint\":\"xl\",\"title_position\":\"top-left\",\"title_rotation\":\"left\",\"vertical_align\":\"\",\"width\":\"default\"},\"children\":[{\"type\":\"row\",\"children\":[{\"type\":\"column\",\"props\":{\"image_position\":\"center-center\",\"position_sticky_breakpoint\":\"m\"},\"children\":[{\"type\":\"headline\",\"props\":{\"content\":\"Les Grottes du R\\u00e9gulus\",\"css\":\".el-element{   text-transform: uppercase;\\n    font-size: 12px;\\n    letter-spacing: 7px; display:none;}\",\"position\":\"absolute\",\"text_align\":\"center\",\"title_element\":\"h1\",\"title_style\":\"text-lead\"}},{\"type\":\"headline\",\"props\":{\"animation\":\"slide-bottom\",\"text_align\":\"center\",\"title_element\":\"h1\"},\"source\":{\"query\":{\"name\":\"pages.singlePage\"},\"props\":{\"content\":{\"filters\":{\"search\":\"\"},\"name\":\"title\"}}}}]}]},{\"type\":\"row\",\"children\":[{\"type\":\"column\",\"props\":{\"image_position\":\"center-center\",\"position_sticky_breakpoint\":\"m\"},\"children\":[{\"type\":\"breadcrumbs\",\"props\":{\"animation\":\"slide-top\",\"show_current\":true,\"show_home\":true,\"text_align\":\"center\"}}]}]}],\"name\":\"Header\"},{\"type\":\"section\",\"props\":{\"image_position\":\"center-center\",\"style\":\"default\",\"title_breakpoint\":\"xl\",\"title_position\":\"top-left\",\"title_rotation\":\"left\",\"vertical_align\":\"middle\",\"width\":\"default\"},\"children\":[{\"type\":\"row\",\"props\":{\"layout\":\"1-2,1-2\"},\"children\":[{\"type\":\"column\",\"props\":{\"image_position\":\"center-center\",\"position_sticky_breakpoint\":\"m\",\"width_medium\":\"1-2\"},\"children\":[{\"type\":\"image\",\"props\":{\"image\":\"wp-content\\\/uploads\\\/2025\\\/04\\\/20190429_1409350-Tinyjpeg-scaled.jpg\",\"image_height\":720,\"image_svg_color\":\"emphasis\",\"image_width\":650,\"margin\":\"default\"}}]},{\"type\":\"column\",\"props\":{\"image_position\":\"center-center\",\"position_sticky_breakpoint\":\"m\",\"width_medium\":\"1-2\"},\"children\":[{\"type\":\"headline\",\"props\":{\"content\":\"\n\n<h2 style=\\\"text-align: center;\\\">Grottes du R\\u00e9gulus<\\\/h2>\",\"title_element\":\"h1\"}},{\"type\":\"divider\",\"props\":{\"divider_align\":\"center\",\"divider_element\":\"hr\",\"divider_style\":\"small\"}},{\"type\":\"text\",\"props\":{\"column_breakpoint\":\"m\",\"content\":\"\n\n<p class=\\\"none-en\\\"><span>Situ\\u00e9es \\u00e0 12 km de <strong> Royan<\\\/strong>, <strong>les grottes du R\\u00e9gulus<\\\/strong>, site troglodytique municipal, sont ouvertes au public de P\\u00e2ques \\u00e0 la Toussaint. Surplombant l<strong>'estuaire de la Gironde<\\\/strong> et creus\\u00e9s dans des falaises de calcaire, les \\u00ab trous \\u00bb de <strong>Meschers<\\\/strong> vous accueillent dans un \\u00e9crin d\\u2019exception. A l'origine naturelles, les grottes de <strong>Meschers<\\\/strong> furent agrandies par l'homme pour devenir au XIX\\u00e8me si\\u00e8cle un habitat troglodytique. Le nom de <strong>R\\u00e9gulus<\\\/strong> vient d'un navire fran\\u00e7ais qui, sous Napol\\u00e9on, pris en chasse par les Anglais fut sabord\\u00e9 devant Meschers. Th\\u00e8mes abord\\u00e9s pendant la visite : site refuge pour les protestants pendant les Guerres de Religion, g\\u00e9ologie, estuaire, p\\u00eache, tourisme au XIX\\u00e8me si\\u00e8cle, carrelet sur ponton, histoire du R\\u00e9gulus, l\\u00e9gende de Cadet le naufrageur et habitat troglodytique. Pendant la visite, les enfants peuvent aider la petite crevette <strong>Minidik<\\\/strong> qui se pose bien des questions sur les habitudes de ces dr\\u00f4les d'animaux \\u00e0 deux pattes qui vivent dans la falaise du R\\u00e9gulus.<\\\/span><\\\/p>\\n\n\n<p><span>En 2022 la municipalit\\u00e9 r\\u00e9alise d'importants travaux de s\\u00e9curisation et de requalification des grottes. Cette m\\u00eame ann\\u00e9e le site s'enrichit d'une nouvelle mus\\u00e9ographie. <\\\/span><span class=\\\"none-en\\\">Accueillant, dans un environnement exceptionnel, plus de 90 000 visiteurs par saison <strong>les grottes municipales des Fontaines et du R\\u00e9gulus<\\\/strong> sont un des acteurs incontournables du tourisme en <strong>Charente Maritime<\\\/strong>.<\\\/span><\\\/p>\",\"margin\":\"default\"}}]}]}]},{\"type\":\"section\",\"props\":{\"animation\":\"slide-bottom-medium\",\"animation_delay\":\"200\",\"image_position\":\"center-center\",\"overlap\":true,\"padding_remove_bottom\":false,\"padding_remove_top\":false,\"style\":\"muted\",\"title_breakpoint\":\"xl\",\"title_position\":\"top-left\",\"title_rotation\":\"left\",\"vertical_align\":\"\",\"width\":\"default\"},\"children\":[{\"type\":\"row\",\"props\":{\"layout\":\"1-2,1-2\"},\"children\":[{\"type\":\"column\",\"props\":{\"image_effect\":\"parallax\",\"image_parallax_bgx\":\"-600\",\"image_parallax_bgy\":\"-600\",\"image_position\":\"center-center\",\"position_sticky_breakpoint\":\"m\",\"vertical_align\":\"middle\",\"width_medium\":\"1-2\"},\"children\":[{\"type\":\"image\",\"props\":{\"css\":\".el-image{\\n-webkit-mask-image: url(https:\\\/\\\/grottesduregulus.com\\\/wp-content\\\/uploads\\\/2023\\\/02\\\/mask-muted.svg);\\n    mask-image: url(https:\\\/\\\/grottesduregulus.com\\\/wp-content\\\/uploads\\\/2023\\\/02\\\/mask-muted.svg);\\n    -webkit-mask-size: 100% 100%;\\n    mask-size: 100% 100%;\\n}\\n\",\"image\":\"wp-content\\\/uploads\\\/2022\\\/02\\\/yps_2760_yoshipowershot.com_.jpg\",\"image_svg_color\":\"emphasis\",\"margin\":\"default\"}}]},{\"type\":\"column\",\"props\":{\"image_position\":\"center-center\",\"image_size\":\"cover\",\"order_first\":\"m\",\"position_sticky_breakpoint\":\"m\",\"vertical_align\":\"middle\",\"width_medium\":\"1-2\"},\"children\":[{\"type\":\"headline\",\"props\":{\"content\":\"Pourquoi les Grottes du R\\u00e9gulus ?\",\"text_align\":\"center\",\"title_element\":\"h2\"}},{\"type\":\"divider\",\"props\":{\"divider_align\":\"center\",\"divider_element\":\"hr\",\"divider_style\":\"small\"}},{\"type\":\"text\",\"props\":{\"column_breakpoint\":\"m\",\"content\":\"\n\n<p><span>Nous sommes en 1814. Le capitaine de vaisseau Jacques Mathieu R\\u00c9GNAULD, commandant du R\\u00e9gulus, un deux ponts trois m\\u00e2ts, re\\u00e7oit l\\u2019ordre de contr\\u00f4ler l\\u2019embouchure de la Gironde pour en interdire l\\u2019entr\\u00e9e aux britanniques. Accompagn\\u00e9 de trois bricks (le Malais, le Sans-Soucis, et le Java) il part accomplir sa mission. Mouill\\u00e9 en rade du Verdon, les quatre navires durent faire tr\\u00e8s rapidement face \\u00e0 une escadre anglaise d\\u2019une dizaine de navires qui venait reprendre le contr\\u00f4le de l\\u2019embouchure.<\\\/span><\\\/p>\",\"margin\":\"default\",\"text_align\":\"justify\"}},{\"type\":\"text\",\"props\":{\"column_breakpoint\":\"m\",\"content\":\"\n\n<p><span>Face \\u00e0 la puissance de feu de la flotte anglaise, les fran\\u00e7ais vont se mettre \\u00e0 l\\u2019abri devant le fort de Meschers. La situation est d\\u00e9sesp\\u00e9r\\u00e9e. Suivant alors les instructions qu\\u2019il avait re\\u00e7ues de sa hi\\u00e9rarchie, le capitaine R\\u00e9gnauld d\\u00e9cide de saborder sa flotte plut\\u00f4t que de la laisser aux mains des anglais. Dans la nuit du 7 au 8 avril 1814, les \\u00e9quipages sont d\\u00e9barqu\\u00e9s. Les officiers disposent \\u00e0 des endroits strat\\u00e9giques des mati\\u00e8res combustibles et au milieu de la nuit y mettent le feu.<\\\/span><\\\/p>\",\"margin\":\"default\",\"text_align\":\"justify\"}},{\"type\":\"text\",\"props\":{\"column_breakpoint\":\"m\",\"content\":\"\n\n<p><span>La l\\u00e9gende voudrait que le R\\u00e9gulus br\\u00fbla durant 3 jours et 3 nuits. C\\u2019est depuis cette nuit du 7 au 8 avril 1814 que les michelaises et les michelais ont pris l\\u2019habitude d\\u2019appeler ce groupe de grottes du nom du <em>R\\u00e9gulus<\\\/em>.<\\\/span><\\\/p>\",\"margin\":\"default\",\"text_align\":\"justify\"}}]}]}],\"name\":\"Pourquoi les grottes\"}],\"version\":\"4.5.33\"} --><\/p>\n","protected":false},"excerpt":{"rendered":"<p>Les Grottes du R\u00e9gulus Grottes du R\u00e9gulus Situ\u00e9es \u00e0 12 km de Royan, les grottes du R\u00e9gulus, site troglodytique municipal, sont ouvertes au public de P\u00e2ques \u00e0 la Toussaint. Surplombant l&lsquo;estuaire de la Gironde et creus\u00e9s dans des falaises de calcaire, les \u00ab trous \u00bb de Meschers vous accueillent dans un \u00e9crin d\u2019exception. A l&rsquo;origine [&hellip;]<\/p>\n","protected":false},"author":4,"featured_media":0,"parent":0,"menu_order":0,"comment_status":"closed","ping_status":"closed","template":"","meta":{"footnotes":""},"class_list":["post-907","page","type-page","status-publish","hentry"],"yoast_head":"<!-- This site is optimized with the Yoast SEO plugin v27.3 - https:\/\/yoast.com\/product\/yoast-seo-wordpress\/ -->\n<title>Pr\u00e9sentation - Grottes du R\u00e9gulus<\/title>\n<meta name=\"description\" content=\"Venez d\u00e9couvrir et apprendre l&#039;histoire des Grottes du R\u00e9gulus, site troglodytique \u00e0 Meschers-sur-Gironde.\" \/>\n<meta name=\"robots\" content=\"index, follow, max-snippet:-1, max-image-preview:large, max-video-preview:-1\" \/>\n<link rel=\"canonical\" href=\"https:\/\/grottesduregulus.com\/en\/presentation\/\" \/>\n<meta property=\"og:locale\" content=\"en_GB\" \/>\n<meta property=\"og:type\" content=\"article\" \/>\n<meta property=\"og:title\" content=\"Pr\u00e9sentation - Grottes du R\u00e9gulus\" \/>\n<meta property=\"og:description\" content=\"Venez d\u00e9couvrir et apprendre l&#039;histoire des Grottes du R\u00e9gulus, site troglodytique \u00e0 Meschers-sur-Gironde.\" \/>\n<meta property=\"og:url\" content=\"https:\/\/grottesduregulus.com\/en\/presentation\/\" \/>\n<meta property=\"og:site_name\" content=\"Grottes du R\u00e9gulus\" \/>\n<meta property=\"article:publisher\" content=\"https:\/\/www.facebook.com\/grottesduregulus\/?fref=ts\" \/>\n<meta property=\"article:modified_time\" content=\"2026-01-14T11:19:46+00:00\" \/>\n<meta name=\"twitter:card\" content=\"summary_large_image\" \/>\n<meta name=\"twitter:site\" content=\"@GrottesR\" \/>\n<meta name=\"twitter:label1\" content=\"Estimated reading time\" \/>\n\t<meta name=\"twitter:data1\" content=\"3 minutes\" \/>\n<script type=\"application\/ld+json\" class=\"yoast-schema-graph\">{\"@context\":\"https:\\\/\\\/schema.org\",\"@graph\":[{\"@type\":\"WebPage\",\"@id\":\"https:\\\/\\\/grottesduregulus.com\\\/presentation\\\/\",\"url\":\"https:\\\/\\\/grottesduregulus.com\\\/presentation\\\/\",\"name\":\"Pr\u00e9sentation - Grottes du R\u00e9gulus\",\"isPartOf\":{\"@id\":\"https:\\\/\\\/grottesduregulus.com\\\/#website\"},\"datePublished\":\"2023-02-09T12:24:16+00:00\",\"dateModified\":\"2026-01-14T11:19:46+00:00\",\"description\":\"Venez d\u00e9couvrir et apprendre l'histoire des Grottes du R\u00e9gulus, site troglodytique \u00e0 Meschers-sur-Gironde.\",\"breadcrumb\":{\"@id\":\"https:\\\/\\\/grottesduregulus.com\\\/presentation\\\/#breadcrumb\"},\"inLanguage\":\"en-GB\",\"potentialAction\":[{\"@type\":\"ReadAction\",\"target\":[\"https:\\\/\\\/grottesduregulus.com\\\/presentation\\\/\"]}]},{\"@type\":\"BreadcrumbList\",\"@id\":\"https:\\\/\\\/grottesduregulus.com\\\/presentation\\\/#breadcrumb\",\"itemListElement\":[{\"@type\":\"ListItem\",\"position\":1,\"name\":\"Accueil\",\"item\":\"https:\\\/\\\/grottesduregulus.com\\\/\"},{\"@type\":\"ListItem\",\"position\":2,\"name\":\"Pr\u00e9sentation\"}]},{\"@type\":\"WebSite\",\"@id\":\"https:\\\/\\\/grottesduregulus.com\\\/#website\",\"url\":\"https:\\\/\\\/grottesduregulus.com\\\/\",\"name\":\"Grottes du R\u00e9gulus\",\"description\":\"Le site Troglodytique municipal de Meschers\",\"publisher\":{\"@id\":\"https:\\\/\\\/grottesduregulus.com\\\/#organization\"},\"potentialAction\":[{\"@type\":\"SearchAction\",\"target\":{\"@type\":\"EntryPoint\",\"urlTemplate\":\"https:\\\/\\\/grottesduregulus.com\\\/?s={search_term_string}\"},\"query-input\":{\"@type\":\"PropertyValueSpecification\",\"valueRequired\":true,\"valueName\":\"search_term_string\"}}],\"inLanguage\":\"en-GB\"},{\"@type\":\"Organization\",\"@id\":\"https:\\\/\\\/grottesduregulus.com\\\/#organization\",\"name\":\"Grottes du R\u00e9gulus\",\"url\":\"https:\\\/\\\/grottesduregulus.com\\\/\",\"logo\":{\"@type\":\"ImageObject\",\"inLanguage\":\"en-GB\",\"@id\":\"https:\\\/\\\/grottesduregulus.com\\\/#\\\/schema\\\/logo\\\/image\\\/\",\"url\":\"https:\\\/\\\/grottesduregulus.com\\\/wp-content\\\/uploads\\\/2022\\\/02\\\/logo-1-300x116-1.jpg\",\"contentUrl\":\"https:\\\/\\\/grottesduregulus.com\\\/wp-content\\\/uploads\\\/2022\\\/02\\\/logo-1-300x116-1.jpg\",\"width\":300,\"height\":116,\"caption\":\"Grottes du R\u00e9gulus\"},\"image\":{\"@id\":\"https:\\\/\\\/grottesduregulus.com\\\/#\\\/schema\\\/logo\\\/image\\\/\"},\"sameAs\":[\"https:\\\/\\\/www.facebook.com\\\/grottesduregulus\\\/?fref=ts\",\"https:\\\/\\\/x.com\\\/GrottesR\",\"https:\\\/\\\/www.instagram.com\\\/grottesduregulus\\\/\",\"https:\\\/\\\/www.pinterest.fr\\\/pin\\\/404409241539547827\\\/\"]}]}<\/script>\n<!-- \/ Yoast SEO plugin. -->","yoast_head_json":{"title":"Pr\u00e9sentation - Grottes du R\u00e9gulus","description":"Venez d\u00e9couvrir et apprendre l'histoire des Grottes du R\u00e9gulus, site troglodytique \u00e0 Meschers-sur-Gironde.","robots":{"index":"index","follow":"follow","max-snippet":"max-snippet:-1","max-image-preview":"max-image-preview:large","max-video-preview":"max-video-preview:-1"},"canonical":"https:\/\/grottesduregulus.com\/en\/presentation\/","og_locale":"en_GB","og_type":"article","og_title":"Pr\u00e9sentation - Grottes du R\u00e9gulus","og_description":"Venez d\u00e9couvrir et apprendre l'histoire des Grottes du R\u00e9gulus, site troglodytique \u00e0 Meschers-sur-Gironde.","og_url":"https:\/\/grottesduregulus.com\/en\/presentation\/","og_site_name":"Grottes du R\u00e9gulus","article_publisher":"https:\/\/www.facebook.com\/grottesduregulus\/?fref=ts","article_modified_time":"2026-01-14T11:19:46+00:00","twitter_card":"summary_large_image","twitter_site":"@GrottesR","twitter_misc":{"Estimated reading time":"3 minutes"},"schema":{"@context":"https:\/\/schema.org","@graph":[{"@type":"WebPage","@id":"https:\/\/grottesduregulus.com\/presentation\/","url":"https:\/\/grottesduregulus.com\/presentation\/","name":"Pr\u00e9sentation - Grottes du R\u00e9gulus","isPartOf":{"@id":"https:\/\/grottesduregulus.com\/#website"},"datePublished":"2023-02-09T12:24:16+00:00","dateModified":"2026-01-14T11:19:46+00:00","description":"Venez d\u00e9couvrir et apprendre l'histoire des Grottes du R\u00e9gulus, site troglodytique \u00e0 Meschers-sur-Gironde.","breadcrumb":{"@id":"https:\/\/grottesduregulus.com\/presentation\/#breadcrumb"},"inLanguage":"en-GB","potentialAction":[{"@type":"ReadAction","target":["https:\/\/grottesduregulus.com\/presentation\/"]}]},{"@type":"BreadcrumbList","@id":"https:\/\/grottesduregulus.com\/presentation\/#breadcrumb","itemListElement":[{"@type":"ListItem","position":1,"name":"Accueil","item":"https:\/\/grottesduregulus.com\/"},{"@type":"ListItem","position":2,"name":"Pr\u00e9sentation"}]},{"@type":"WebSite","@id":"https:\/\/grottesduregulus.com\/#website","url":"https:\/\/grottesduregulus.com\/","name":"R\u00e9gulus\u2019s caves","description":"Le site Troglodytique municipal de Meschers","publisher":{"@id":"https:\/\/grottesduregulus.com\/#organization"},"potentialAction":[{"@type":"SearchAction","target":{"@type":"EntryPoint","urlTemplate":"https:\/\/grottesduregulus.com\/?s={search_term_string}"},"query-input":{"@type":"PropertyValueSpecification","valueRequired":true,"valueName":"search_term_string"}}],"inLanguage":"en-GB"},{"@type":"Organization","@id":"https:\/\/grottesduregulus.com\/#organization","name":"R\u00e9gulus\u2019s caves","url":"https:\/\/grottesduregulus.com\/","logo":{"@type":"ImageObject","inLanguage":"en-GB","@id":"https:\/\/grottesduregulus.com\/#\/schema\/logo\/image\/","url":"https:\/\/grottesduregulus.com\/wp-content\/uploads\/2022\/02\/logo-1-300x116-1.jpg","contentUrl":"https:\/\/grottesduregulus.com\/wp-content\/uploads\/2022\/02\/logo-1-300x116-1.jpg","width":300,"height":116,"caption":"Grottes du R\u00e9gulus"},"image":{"@id":"https:\/\/grottesduregulus.com\/#\/schema\/logo\/image\/"},"sameAs":["https:\/\/www.facebook.com\/grottesduregulus\/?fref=ts","https:\/\/x.com\/GrottesR","https:\/\/www.instagram.com\/grottesduregulus\/","https:\/\/www.pinterest.fr\/pin\/404409241539547827\/"]}]}},"_links":{"self":[{"href":"https:\/\/grottesduregulus.com\/en\/wp-json\/wp\/v2\/pages\/907","targetHints":{"allow":["GET"]}}],"collection":[{"href":"https:\/\/grottesduregulus.com\/en\/wp-json\/wp\/v2\/pages"}],"about":[{"href":"https:\/\/grottesduregulus.com\/en\/wp-json\/wp\/v2\/types\/page"}],"author":[{"embeddable":true,"href":"https:\/\/grottesduregulus.com\/en\/wp-json\/wp\/v2\/users\/4"}],"replies":[{"embeddable":true,"href":"https:\/\/grottesduregulus.com\/en\/wp-json\/wp\/v2\/comments?post=907"}],"version-history":[{"count":145,"href":"https:\/\/grottesduregulus.com\/en\/wp-json\/wp\/v2\/pages\/907\/revisions"}],"predecessor-version":[{"id":2721,"href":"https:\/\/grottesduregulus.com\/en\/wp-json\/wp\/v2\/pages\/907\/revisions\/2721"}],"wp:attachment":[{"href":"https:\/\/grottesduregulus.com\/en\/wp-json\/wp\/v2\/media?parent=907"}],"curies":[{"name":"wp","href":"https:\/\/api.w.org\/{rel}","templated":true}]}}