{"id":905,"date":"2023-02-09T12:11:44","date_gmt":"2023-02-09T12:11:44","guid":{"rendered":"https:\/\/grottesduregulus.com\/?page_id=905"},"modified":"2026-01-14T11:20:16","modified_gmt":"2026-01-14T11:20:16","slug":"partenaires","status":"publish","type":"page","link":"https:\/\/grottesduregulus.com\/en\/partenaires\/","title":{"rendered":"Partners"},"content":{"rendered":"<h1>Les Grottes du R\u00e9gulus<\/h1>\n<h2>Merci aux partenaires et g\u00e9n\u00e9reux donateurs !<\/h2>\n<hr>\n<ul>\n<li>\n<p>        <img decoding=\"async\" data-src=\"\/wp-content\/uploads\/2022\/02\/LOGO-FONDATION-PATRIMOINE.png\" alt=\"Fondation du patrimoine\" src=\"data:image\/svg+xml;base64,PHN2ZyB3aWR0aD0iMSIgaGVpZ2h0PSIxIiB4bWxucz0iaHR0cDovL3d3dy53My5vcmcvMjAwMC9zdmciPjwvc3ZnPg==\" class=\"lazyload\" style=\"--smush-placeholder-width: 276px; --smush-placeholder-aspect-ratio: 276\/250;\"><\/p>\n<h3>LOGO FONDATION PATRIMOINE<\/h3>\n<p><a href=\"https:\/\/www.fondation-patrimoine.org\/\"><\/a><\/p>\n<\/li>\n<li>\n<p>        <img decoding=\"async\" data-src=\"\/wp-content\/uploads\/2025\/07\/LOGO_ADMIN-Tinyjpeg.png\" alt=\"Destination Royan Atlantique\" src=\"data:image\/svg+xml;base64,PHN2ZyB3aWR0aD0iMSIgaGVpZ2h0PSIxIiB4bWxucz0iaHR0cDovL3d3dy53My5vcmcvMjAwMC9zdmciPjwvc3ZnPg==\" class=\"lazyload\" style=\"--smush-placeholder-width: 300px; --smush-placeholder-aspect-ratio: 300\/71;\"><\/p>\n<h3>LOGO OT ROYAN ATLANTIQUE<\/h3>\n<p><a href=\"https:\/\/www.royanatlantique.fr\/\"><\/a><\/p>\n<\/li>\n<li>\n<p>        <img decoding=\"async\" data-src=\"\/wp-content\/uploads\/2022\/02\/LOGO-DEPARTEMENT-17.png\" alt=\"Charente Maritime\" src=\"data:image\/svg+xml;base64,PHN2ZyB3aWR0aD0iMSIgaGVpZ2h0PSIxIiB4bWxucz0iaHR0cDovL3d3dy53My5vcmcvMjAwMC9zdmciPjwvc3ZnPg==\" class=\"lazyload\" style=\"--smush-placeholder-width: 258px; --smush-placeholder-aspect-ratio: 258\/250;\"><\/p>\n<h3>LOGO DEPARTEMENT 17<\/h3>\n<p><a href=\"https:\/\/la.charente-maritime.fr\/\"><\/a><\/p>\n<\/li>\n<li>\n<p>        <img decoding=\"async\" data-src=\"\/wp-content\/uploads\/2022\/02\/LOGO-REGION.png\" alt=\"Nouvelle Aquitaine\" src=\"data:image\/svg+xml;base64,PHN2ZyB3aWR0aD0iMSIgaGVpZ2h0PSIxIiB4bWxucz0iaHR0cDovL3d3dy53My5vcmcvMjAwMC9zdmciPjwvc3ZnPg==\" class=\"lazyload\" style=\"--smush-placeholder-width: 218px; --smush-placeholder-aspect-ratio: 218\/250;\"><\/p>\n<h3>LOGO REGION<\/h3>\n<p><a href=\"https:\/\/www.nouvelle-aquitaine.fr\/\"><\/a><\/p>\n<\/li>\n<li>\n<p>        <img decoding=\"async\" data-src=\"\/wp-content\/uploads\/2022\/02\/LOGO-FRANCE-RELANCE.png\" alt=\"France Relance\" src=\"data:image\/svg+xml;base64,PHN2ZyB3aWR0aD0iMSIgaGVpZ2h0PSIxIiB4bWxucz0iaHR0cDovL3d3dy53My5vcmcvMjAwMC9zdmciPjwvc3ZnPg==\" class=\"lazyload\" style=\"--smush-placeholder-width: 249px; --smush-placeholder-aspect-ratio: 249\/250;\"><\/p>\n<h3>LOGO FRANCE RELANCE<\/h3>\n<p><a href=\"https:\/\/www.gouvernement.fr\/les-priorites\/france-relance\"><\/a><\/p>\n<\/li>\n<li>\n<p>        <img decoding=\"async\" data-src=\"\/wp-content\/uploads\/2022\/11\/LOGO-AIRBNB.png\" alt=\"\" src=\"data:image\/svg+xml;base64,PHN2ZyB3aWR0aD0iMSIgaGVpZ2h0PSIxIiB4bWxucz0iaHR0cDovL3d3dy53My5vcmcvMjAwMC9zdmciPjwvc3ZnPg==\" class=\"lazyload\" style=\"--smush-placeholder-width: 3840px; --smush-placeholder-aspect-ratio: 3840\/2160;\"><\/p>\n<h3>LOGO AIRBNB<\/h3>\n<\/li>\n<li>\n<p>        <img decoding=\"async\" data-src=\"\/wp-content\/uploads\/2022\/11\/LOGO-PATRIMOINE-TOURISME-LOCAL.png\" alt=\"\" src=\"data:image\/svg+xml;base64,PHN2ZyB3aWR0aD0iMSIgaGVpZ2h0PSIxIiB4bWxucz0iaHR0cDovL3d3dy53My5vcmcvMjAwMC9zdmciPjwvc3ZnPg==\" class=\"lazyload\" style=\"--smush-placeholder-width: 750px; --smush-placeholder-aspect-ratio: 750\/750;\"><\/p>\n<h3>LOGO PATRIMOINE TOURISME LOCAL<\/h3>\n<\/li>\n<li>\n<p>        <img decoding=\"async\" data-src=\"\/wp-content\/uploads\/2022\/11\/LOGO-LEADER.jpg\" alt=\"\" src=\"data:image\/svg+xml;base64,PHN2ZyB3aWR0aD0iMSIgaGVpZ2h0PSIxIiB4bWxucz0iaHR0cDovL3d3dy53My5vcmcvMjAwMC9zdmciPjwvc3ZnPg==\" class=\"lazyload\" style=\"--smush-placeholder-width: 733px; --smush-placeholder-aspect-ratio: 733\/725;\"><\/p>\n<h3>LOGO LEADER<\/h3>\n<\/li>\n<li>\n<p>        <img decoding=\"async\" data-src=\"\/wp-content\/uploads\/2022\/11\/LOGO-CA-CMDS-MECENAT.png\" alt=\"\" src=\"data:image\/svg+xml;base64,PHN2ZyB3aWR0aD0iMSIgaGVpZ2h0PSIxIiB4bWxucz0iaHR0cDovL3d3dy53My5vcmcvMjAwMC9zdmciPjwvc3ZnPg==\" class=\"lazyload\" style=\"--smush-placeholder-width: 2769px; --smush-placeholder-aspect-ratio: 2769\/1488;\"><\/p>\n<h3>LOGO CA-CMDS MECENAT<\/h3>\n<\/li>\n<li>\n<p>        <img decoding=\"async\" data-src=\"\/wp-content\/uploads\/2022\/11\/272.jpg\" alt=\"\" src=\"data:image\/svg+xml;base64,PHN2ZyB3aWR0aD0iMSIgaGVpZ2h0PSIxIiB4bWxucz0iaHR0cDovL3d3dy53My5vcmcvMjAwMC9zdmciPjwvc3ZnPg==\" class=\"lazyload\" style=\"--smush-placeholder-width: 300px; --smush-placeholder-aspect-ratio: 300\/300;\"><\/p>\n<h3>Logo Le Tuc Immo<\/h3>\n<\/li>\n<li>\n<p>        <img decoding=\"async\" data-src=\"\/wp-content\/uploads\/2022\/11\/LOGO-PRATIC-AVEC-ADRESSE-scaled.jpg\" alt=\"\" src=\"data:image\/svg+xml;base64,PHN2ZyB3aWR0aD0iMSIgaGVpZ2h0PSIxIiB4bWxucz0iaHR0cDovL3d3dy53My5vcmcvMjAwMC9zdmciPjwvc3ZnPg==\" class=\"lazyload\" style=\"--smush-placeholder-width: 2560px; --smush-placeholder-aspect-ratio: 2560\/610;\"><\/p>\n<h3>LOGO PRATIC AVEC ADRESSE<\/h3>\n<\/li>\n<\/ul>\n<ul>\n<li>\n<p>        <img decoding=\"async\" data-src=\"\/wp-content\/uploads\/2022\/11\/Dibond-Remerciements-JPEG-AGGELOS-Redimensionne-scaled.jpg\" alt=\"\" src=\"data:image\/svg+xml;base64,PHN2ZyB3aWR0aD0iMSIgaGVpZ2h0PSIxIiB4bWxucz0iaHR0cDovL3d3dy53My5vcmcvMjAwMC9zdmciPjwvc3ZnPg==\" class=\"lazyload\" style=\"--smush-placeholder-width: 1707px; --smush-placeholder-aspect-ratio: 1707\/2560;\"><\/p>\n<h3>Remerciements suite aux travaux de s\u00e9curisation et de requalification aux Grottes du R\u00e9gulus<\/h3>\n<\/li>\n<li>\n<p>        <img decoding=\"async\" data-src=\"\/wp-content\/uploads\/2022\/11\/Dibond_Remerciements_BD-AGGELOS-2-Redimensionne-scaled.jpg\" alt=\"\" src=\"data:image\/svg+xml;base64,PHN2ZyB3aWR0aD0iMSIgaGVpZ2h0PSIxIiB4bWxucz0iaHR0cDovL3d3dy53My5vcmcvMjAwMC9zdmciPjwvc3ZnPg==\" class=\"lazyload\" style=\"--smush-placeholder-width: 2560px; --smush-placeholder-aspect-ratio: 2560\/1920;\"><\/p>\n<h3>Dibond_Remerciements_BD &#8211; AGGELOS-2 Redimensionn\u00e9<\/h3>\n<\/li>\n<\/ul>\n<div>\n<div class=\"\" style=\"text-align: center;\"><strong>La Ville de Meschers-sur-Gironde remercie les g\u00e9n\u00e9reux donateurs et m\u00e9c\u00e8nes qui ont apport\u00e9 leur soutien au financement des travaux des Grottes du R\u00e9gulus dans le cadre de l\u2019appel au don lanc\u00e9 par la Fondation du patrimoine :<\/strong><\/div>\n<div style=\"text-align: center;\"><\/div>\n<div class=\"\" style=\"text-align: center;\">Martine\u00a0AVENARD,\u00a0Philippe\u00a0BARRAUD,\u00a0Fran\u00e7oise.\u00a0BAYOUMEU,\u00a0Delphine\u00a0BENASSY,\u00a0Nadine\u00a0BOUCHER,\u00a0Christophe\u00a0BOUTRY,\u00a0Josiane\u00a0CHARIT,\u00a0Pierre\u00a0CHAUNARD,\u00a0Pascal\u00a0CLAIR,\u00a0<\/div>\n<div class=\"\" style=\"text-align: center;\">Marie-France DINAUD, Nicole DURAMAY, Serge FOCQUENOY, Marie-Th\u00e9r\u00e8se GAUTIER, Manuel GERARD, Jean-No\u00ebl GOETZ, Marielle GUILLAUD, Herv\u00e9 GUILLOUX, Etienne HOUILLON, Christophe JONIAUX, Bernard KUPPERS, Pierre-Marc LIS, Jean-Luc, MAUDOUX LE BERCEAU, Yves MORIN, Erick MOUTON, Sheila PEASE, Sarah RAYNER, Le\u00efla RENON, Patrick RINGOT, Isabelle THOMAS, John THORBURN, Daniel THUILLIER<\/div>\n<div class=\"\" style=\"text-align: center;\">Et tous les autres\u2026<\/div>\n<div class=\"\" style=\"text-align: center;\"><\/div>\n<\/div>\n<p><!--more--><br \/>\n<!-- {\"type\":\"layout\",\"children\":[{\"type\":\"section\",\"props\":{\"animation\":\"fade\",\"animation_delay\":\"200\",\"image\":\"wp-content\\\/uploads\\\/2026\\\/01\\\/dji_0022_yoshipowershot.com-copie-4.jpg\",\"image_position\":\"center-center\",\"image_size\":\"cover\",\"overlap\":true,\"padding_remove_bottom\":false,\"style\":\"primary\",\"title_breakpoint\":\"xl\",\"title_position\":\"top-left\",\"title_rotation\":\"left\",\"vertical_align\":\"\",\"width\":\"default\"},\"children\":[{\"type\":\"row\",\"children\":[{\"type\":\"column\",\"props\":{\"image_position\":\"center-center\",\"position_sticky_breakpoint\":\"m\"},\"children\":[{\"type\":\"headline\",\"props\":{\"content\":\"Les Grottes du R\\u00e9gulus\",\"css\":\".el-element{   text-transform: uppercase;\\n    font-size: 12px;\\n    letter-spacing: 7px; display:none;}\",\"position\":\"absolute\",\"text_align\":\"center\",\"title_element\":\"h1\",\"title_style\":\"text-lead\"}},{\"type\":\"headline\",\"props\":{\"animation\":\"slide-bottom\",\"text_align\":\"center\",\"title_element\":\"h1\"},\"source\":{\"query\":{\"name\":\"pages.singlePage\"},\"props\":{\"content\":{\"filters\":{\"search\":\"\"},\"name\":\"title\"}}}}]}]},{\"type\":\"row\",\"children\":[{\"type\":\"column\",\"props\":{\"image_position\":\"center-center\",\"position_sticky_breakpoint\":\"m\"},\"children\":[{\"type\":\"breadcrumbs\",\"props\":{\"animation\":\"slide-top\",\"show_current\":true,\"show_home\":true,\"text_align\":\"center\"}}]}]}],\"name\":\"header\"},{\"type\":\"section\",\"props\":{\"animation\":\"slide-bottom-medium\",\"animation_delay\":\"100\",\"css\":\".uk-button-primary{\\nborder-radius:500px;}\\n\\n.uk-heading-line > ::before, .uk-heading-line > ::after {\\n    \\n    border-bottom: calc(0.6px + 0.03em) solid #000;\\n}\",\"id\":\"don\",\"image\":\"wp-content\\\/uploads\\\/2022\\\/02\\\/mouette.png\",\"image_effect\":\"parallax\",\"image_parallax_bgx\":\"260,430\",\"image_parallax_bgy\":\"350,480\",\"image_parallax_easing\":\"1\",\"image_position\":\"top-center\",\"overlap\":true,\"padding\":\"small\",\"padding_remove_top\":false,\"style\":\"muted\",\"title_breakpoint\":\"xl\",\"title_position\":\"top-left\",\"title_rotation\":\"left\",\"vertical_align\":\"\",\"width\":\"large\"},\"children\":[{\"type\":\"row\",\"children\":[{\"type\":\"column\",\"props\":{\"image_position\":\"center-center\",\"position_sticky_breakpoint\":\"m\"},\"children\":[{\"type\":\"headline\",\"props\":{\"content\":\"Merci aux partenaires et g\\u00e9n\\u00e9reux donateurs !\",\"margin\":\"large\",\"margin_remove_bottom\":true,\"text_align\":\"center\",\"title_element\":\"h2\"}},{\"type\":\"divider\",\"props\":{\"divider_align\":\"center\",\"divider_element\":\"hr\",\"divider_style\":\"small\",\"margin_remove_top\":false}}]}]},{\"type\":\"row\",\"children\":[{\"type\":\"column\",\"props\":{\"image_position\":\"center-center\",\"position_sticky_breakpoint\":\"m\"},\"children\":[{\"type\":\"grid\",\"children\":[{\"type\":\"grid_item\",\"props\":{\"image\":\"wp-content\\\/uploads\\\/2022\\\/02\\\/LOGO-FONDATION-PATRIMOINE.png\",\"image_alt\":\"Fondation du patrimoine\",\"link\":\"https:\\\/\\\/www.fondation-patrimoine.org\\\/\",\"title\":\"LOGO FONDATION PATRIMOINE\"}},{\"type\":\"grid_item\",\"props\":{\"image\":\"wp-content\\\/uploads\\\/2025\\\/07\\\/LOGO_ADMIN-Tinyjpeg.png\",\"image_alt\":\"Destination Royan Atlantique\",\"link\":\"https:\\\/\\\/www.royanatlantique.fr\\\/\",\"title\":\"LOGO OT ROYAN ATLANTIQUE\"}},{\"type\":\"grid_item\",\"props\":{\"image\":\"wp-content\\\/uploads\\\/2022\\\/02\\\/LOGO-DEPARTEMENT-17.png\",\"image_alt\":\"Charente Maritime\",\"link\":\"https:\\\/\\\/la.charente-maritime.fr\\\/\",\"title\":\"LOGO DEPARTEMENT 17\"}},{\"type\":\"grid_item\",\"props\":{\"image\":\"wp-content\\\/uploads\\\/2022\\\/02\\\/LOGO-REGION.png\",\"image_alt\":\"Nouvelle Aquitaine\",\"link\":\"https:\\\/\\\/www.nouvelle-aquitaine.fr\\\/\",\"title\":\"LOGO REGION\"}},{\"type\":\"grid_item\",\"props\":{\"image\":\"wp-content\\\/uploads\\\/2022\\\/02\\\/LOGO-FRANCE-RELANCE.png\",\"image_alt\":\"France Relance\",\"link\":\"https:\\\/\\\/www.gouvernement.fr\\\/les-priorites\\\/france-relance\",\"title\":\"LOGO FRANCE RELANCE\"}},{\"type\":\"grid_item\",\"props\":{\"image\":\"wp-content\\\/uploads\\\/2022\\\/11\\\/LOGO-AIRBNB.png\",\"title\":\"LOGO AIRBNB\"}},{\"type\":\"grid_item\",\"props\":{\"image\":\"wp-content\\\/uploads\\\/2022\\\/11\\\/LOGO-PATRIMOINE-TOURISME-LOCAL.png\",\"title\":\"LOGO PATRIMOINE TOURISME LOCAL\"}},{\"type\":\"grid_item\",\"props\":{\"image\":\"wp-content\\\/uploads\\\/2022\\\/11\\\/LOGO-LEADER.jpg\",\"title\":\"LOGO LEADER\"}},{\"type\":\"grid_item\",\"props\":{\"image\":\"wp-content\\\/uploads\\\/2022\\\/11\\\/LOGO-CA-CMDS-MECENAT.png\",\"title\":\"LOGO CA-CMDS MECENAT\"}},{\"type\":\"grid_item\",\"props\":{\"image\":\"wp-content\\\/uploads\\\/2022\\\/11\\\/272.jpg\",\"title\":\"Logo Le Tuc Immo\"}},{\"type\":\"grid_item\",\"props\":{\"image\":\"wp-content\\\/uploads\\\/2022\\\/11\\\/LOGO-PRATIC-AVEC-ADRESSE-scaled.jpg\",\"title\":\"LOGO PRATIC AVEC ADRESSE\"}}],\"props\":{\"content_column_breakpoint\":\"m\",\"filter_align\":\"left\",\"filter_all\":true,\"filter_grid_breakpoint\":\"m\",\"filter_grid_width\":\"auto\",\"filter_position\":\"top\",\"filter_style\":\"tab\",\"grid_column_align\":true,\"grid_default\":\"2\",\"grid_medium\":\"5\",\"grid_small\":\"3\",\"icon_width\":80,\"image_align\":\"top\",\"image_grid_breakpoint\":\"m\",\"image_grid_width\":\"1-2\",\"image_height\":\"80\",\"image_link\":true,\"image_svg_color\":\"emphasis\",\"item_animation\":true,\"lightbox_bg_close\":true,\"link_style\":\"default\",\"link_target\":true,\"link_text\":\"\",\"margin\":\"default\",\"meta_align\":\"below-title\",\"meta_element\":\"div\",\"meta_style\":\"text-meta\",\"parallax_easing\":\"1\",\"show_content\":true,\"show_hover_image\":true,\"show_hover_video\":true,\"show_image\":true,\"show_link\":true,\"show_meta\":true,\"show_title\":false,\"show_video\":true,\"text_align\":\"center\",\"title_align\":\"top\",\"title_element\":\"h3\",\"title_grid_breakpoint\":\"m\",\"title_grid_width\":\"1-2\",\"title_hover_style\":\"reset\"}},{\"type\":\"grid\",\"props\":{\"content_column_breakpoint\":\"m\",\"filter_align\":\"left\",\"filter_all\":true,\"filter_grid_breakpoint\":\"m\",\"filter_grid_width\":\"auto\",\"filter_position\":\"top\",\"filter_style\":\"tab\",\"grid_column_align\":true,\"grid_default\":\"1\",\"grid_medium\":\"3\",\"grid_row_align\":true,\"icon_width\":80,\"image_align\":\"top\",\"image_grid_breakpoint\":\"m\",\"image_grid_width\":\"1-2\",\"image_svg_color\":\"emphasis\",\"item_animation\":true,\"lightbox_bg_close\":true,\"link_style\":\"default\",\"link_text\":\"Read more\",\"margin\":\"default\",\"meta_align\":\"below-title\",\"meta_element\":\"div\",\"meta_style\":\"text-meta\",\"show_content\":true,\"show_hover_image\":true,\"show_hover_video\":true,\"show_image\":true,\"show_link\":true,\"show_meta\":true,\"show_title\":false,\"show_video\":true,\"title_align\":\"top\",\"title_element\":\"h3\",\"title_grid_breakpoint\":\"m\",\"title_grid_width\":\"1-2\",\"title_hover_style\":\"reset\"},\"children\":[{\"type\":\"grid_item\",\"props\":{\"image\":\"wp-content\\\/uploads\\\/2022\\\/11\\\/Dibond-Remerciements-JPEG-AGGELOS-Redimensionne-scaled.jpg\",\"title\":\"Remerciements suite aux travaux de s\\u00e9curisation et de requalification aux Grottes du R\\u00e9gulus\"}},{\"type\":\"grid_item\",\"props\":{\"image\":\"wp-content\\\/uploads\\\/2022\\\/11\\\/Dibond_Remerciements_BD-AGGELOS-2-Redimensionne-scaled.jpg\",\"title\":\"Dibond_Remerciements_BD - AGGELOS-2 Redimensionn\\u00e9\"}}]}]}]},{\"type\":\"row\",\"children\":[{\"type\":\"column\",\"props\":{\"image_position\":\"center-center\",\"position_sticky_breakpoint\":\"m\"},\"children\":[{\"type\":\"text\",\"props\":{\"column_breakpoint\":\"m\",\"content\":\"\n\n<div class=\\\"\\\" style=\\\"text-align: center;\\\"><strong>La Ville de Meschers-sur-Gironde remercie les g\\u00e9n\\u00e9reux donateurs et m\\u00e9c\\u00e8nes qui ont apport\\u00e9 leur soutien au financement des travaux des Grottes du R\\u00e9gulus dans le cadre de l\\u2019appel au don lanc\\u00e9 par la Fondation du patrimoine :<\\\/strong><\\\/div>\\n\n\n<div style=\\\"text-align: center;\\\"><\\\/div>\\n\n\n<div class=\\\"\\\" style=\\\"text-align: center;\\\">Martine\\u00a0AVENARD,\\u00a0Philippe\\u00a0BARRAUD,\\u00a0Fran\\u00e7oise.\\u00a0BAYOUMEU,\\u00a0Delphine\\u00a0BENASSY,\\u00a0Nadine\\u00a0BOUCHER,\\u00a0Christophe\\u00a0BOUTRY,\\u00a0Josiane\\u00a0CHARIT,\\u00a0Pierre\\u00a0CHAUNARD,\\u00a0Pascal\\u00a0CLAIR,\\u00a0<\\\/div>\\n\n\n<div class=\\\"\\\" style=\\\"text-align: center;\\\">Marie-France DINAUD, Nicole DURAMAY, Serge FOCQUENOY, Marie-Th\\u00e9r\\u00e8se GAUTIER, Manuel GERARD, Jean-No\\u00ebl GOETZ, Marielle GUILLAUD, Herv\\u00e9 GUILLOUX, Etienne HOUILLON, Christophe JONIAUX, Bernard KUPPERS, Pierre-Marc LIS, Jean-Luc, MAUDOUX LE BERCEAU, Yves MORIN, Erick MOUTON, Sheila PEASE, Sarah RAYNER, Le\\u00efla RENON, Patrick RINGOT, Isabelle THOMAS, John THORBURN, Daniel THUILLIER<\\\/div>\\n\n\n<div class=\\\"\\\" style=\\\"text-align: center;\\\">Et tous les autres\\u2026<\\\/div>\\n\n\n<div class=\\\"\\\" style=\\\"text-align: center;\\\"><\\\/div>\",\"margin\":\"default\"}}]}]}],\"name\":\"Partenaires\"}],\"version\":\"4.5.33\"} --><\/p>\n","protected":false},"excerpt":{"rendered":"<p>Les Grottes du R\u00e9gulus Merci aux partenaires et g\u00e9n\u00e9reux donateurs ! LOGO FONDATION PATRIMOINE LOGO OT ROYAN ATLANTIQUE LOGO DEPARTEMENT 17 LOGO REGION LOGO FRANCE RELANCE LOGO AIRBNB LOGO PATRIMOINE TOURISME LOCAL LOGO LEADER LOGO CA-CMDS MECENAT Logo Le Tuc Immo LOGO PRATIC AVEC ADRESSE Remerciements suite aux travaux de s\u00e9curisation et de requalification aux [&hellip;]<\/p>\n","protected":false},"author":4,"featured_media":0,"parent":0,"menu_order":0,"comment_status":"closed","ping_status":"closed","template":"","meta":{"footnotes":""},"class_list":["post-905","page","type-page","status-publish","hentry"],"yoast_head":"<!-- This site is optimized with the Yoast SEO plugin v27.4 - https:\/\/yoast.com\/product\/yoast-seo-wordpress\/ -->\n<title>Partenaires - Grottes du R\u00e9gulus<\/title>\n<meta name=\"robots\" content=\"index, follow, max-snippet:-1, max-image-preview:large, max-video-preview:-1\" \/>\n<link rel=\"canonical\" href=\"https:\/\/grottesduregulus.com\/en\/partenaires\/\" \/>\n<meta property=\"og:locale\" content=\"en_GB\" \/>\n<meta property=\"og:type\" content=\"article\" \/>\n<meta property=\"og:title\" content=\"Partenaires - Grottes du R\u00e9gulus\" \/>\n<meta property=\"og:description\" content=\"Les Grottes du R\u00e9gulus Merci aux partenaires et g\u00e9n\u00e9reux donateurs ! LOGO FONDATION PATRIMOINE LOGO OT ROYAN ATLANTIQUE LOGO DEPARTEMENT 17 LOGO REGION LOGO FRANCE RELANCE LOGO AIRBNB LOGO PATRIMOINE TOURISME LOCAL LOGO LEADER LOGO CA-CMDS MECENAT Logo Le Tuc Immo LOGO PRATIC AVEC ADRESSE Remerciements suite aux travaux de s\u00e9curisation et de requalification aux [&hellip;]\" \/>\n<meta property=\"og:url\" content=\"https:\/\/grottesduregulus.com\/en\/partenaires\/\" \/>\n<meta property=\"og:site_name\" content=\"Grottes du R\u00e9gulus\" \/>\n<meta property=\"article:publisher\" content=\"https:\/\/www.facebook.com\/grottesduregulus\/?fref=ts\" \/>\n<meta property=\"article:modified_time\" content=\"2026-01-14T11:20:16+00:00\" \/>\n<meta name=\"twitter:card\" content=\"summary_large_image\" \/>\n<meta name=\"twitter:site\" content=\"@GrottesR\" \/>\n<script type=\"application\/ld+json\" class=\"yoast-schema-graph\">{\"@context\":\"https:\\\/\\\/schema.org\",\"@graph\":[{\"@type\":\"WebPage\",\"@id\":\"https:\\\/\\\/grottesduregulus.com\\\/partenaires\\\/\",\"url\":\"https:\\\/\\\/grottesduregulus.com\\\/partenaires\\\/\",\"name\":\"Partenaires - Grottes du R\u00e9gulus\",\"isPartOf\":{\"@id\":\"https:\\\/\\\/grottesduregulus.com\\\/#website\"},\"datePublished\":\"2023-02-09T12:11:44+00:00\",\"dateModified\":\"2026-01-14T11:20:16+00:00\",\"breadcrumb\":{\"@id\":\"https:\\\/\\\/grottesduregulus.com\\\/partenaires\\\/#breadcrumb\"},\"inLanguage\":\"en-GB\",\"potentialAction\":[{\"@type\":\"ReadAction\",\"target\":[\"https:\\\/\\\/grottesduregulus.com\\\/partenaires\\\/\"]}]},{\"@type\":\"BreadcrumbList\",\"@id\":\"https:\\\/\\\/grottesduregulus.com\\\/partenaires\\\/#breadcrumb\",\"itemListElement\":[{\"@type\":\"ListItem\",\"position\":1,\"name\":\"Accueil\",\"item\":\"https:\\\/\\\/grottesduregulus.com\\\/\"},{\"@type\":\"ListItem\",\"position\":2,\"name\":\"Partenaires\"}]},{\"@type\":\"WebSite\",\"@id\":\"https:\\\/\\\/grottesduregulus.com\\\/#website\",\"url\":\"https:\\\/\\\/grottesduregulus.com\\\/\",\"name\":\"Grottes du R\u00e9gulus\",\"description\":\"Le site Troglodytique municipal de Meschers\",\"publisher\":{\"@id\":\"https:\\\/\\\/grottesduregulus.com\\\/#organization\"},\"potentialAction\":[{\"@type\":\"SearchAction\",\"target\":{\"@type\":\"EntryPoint\",\"urlTemplate\":\"https:\\\/\\\/grottesduregulus.com\\\/?s={search_term_string}\"},\"query-input\":{\"@type\":\"PropertyValueSpecification\",\"valueRequired\":true,\"valueName\":\"search_term_string\"}}],\"inLanguage\":\"en-GB\"},{\"@type\":\"Organization\",\"@id\":\"https:\\\/\\\/grottesduregulus.com\\\/#organization\",\"name\":\"Grottes du R\u00e9gulus\",\"url\":\"https:\\\/\\\/grottesduregulus.com\\\/\",\"logo\":{\"@type\":\"ImageObject\",\"inLanguage\":\"en-GB\",\"@id\":\"https:\\\/\\\/grottesduregulus.com\\\/#\\\/schema\\\/logo\\\/image\\\/\",\"url\":\"https:\\\/\\\/grottesduregulus.com\\\/wp-content\\\/uploads\\\/2022\\\/02\\\/logo-1-300x116-1.jpg\",\"contentUrl\":\"https:\\\/\\\/grottesduregulus.com\\\/wp-content\\\/uploads\\\/2022\\\/02\\\/logo-1-300x116-1.jpg\",\"width\":300,\"height\":116,\"caption\":\"Grottes du R\u00e9gulus\"},\"image\":{\"@id\":\"https:\\\/\\\/grottesduregulus.com\\\/#\\\/schema\\\/logo\\\/image\\\/\"},\"sameAs\":[\"https:\\\/\\\/www.facebook.com\\\/grottesduregulus\\\/?fref=ts\",\"https:\\\/\\\/x.com\\\/GrottesR\",\"https:\\\/\\\/www.instagram.com\\\/grottesduregulus\\\/\",\"https:\\\/\\\/www.pinterest.fr\\\/pin\\\/404409241539547827\\\/\"]}]}<\/script>\n<!-- \/ Yoast SEO plugin. -->","yoast_head_json":{"title":"Partenaires - Grottes du R\u00e9gulus","robots":{"index":"index","follow":"follow","max-snippet":"max-snippet:-1","max-image-preview":"max-image-preview:large","max-video-preview":"max-video-preview:-1"},"canonical":"https:\/\/grottesduregulus.com\/en\/partenaires\/","og_locale":"en_GB","og_type":"article","og_title":"Partenaires - Grottes du R\u00e9gulus","og_description":"Les Grottes du R\u00e9gulus Merci aux partenaires et g\u00e9n\u00e9reux donateurs ! LOGO FONDATION PATRIMOINE LOGO OT ROYAN ATLANTIQUE LOGO DEPARTEMENT 17 LOGO REGION LOGO FRANCE RELANCE LOGO AIRBNB LOGO PATRIMOINE TOURISME LOCAL LOGO LEADER LOGO CA-CMDS MECENAT Logo Le Tuc Immo LOGO PRATIC AVEC ADRESSE Remerciements suite aux travaux de s\u00e9curisation et de requalification aux [&hellip;]","og_url":"https:\/\/grottesduregulus.com\/en\/partenaires\/","og_site_name":"Grottes du R\u00e9gulus","article_publisher":"https:\/\/www.facebook.com\/grottesduregulus\/?fref=ts","article_modified_time":"2026-01-14T11:20:16+00:00","twitter_card":"summary_large_image","twitter_site":"@GrottesR","schema":{"@context":"https:\/\/schema.org","@graph":[{"@type":"WebPage","@id":"https:\/\/grottesduregulus.com\/partenaires\/","url":"https:\/\/grottesduregulus.com\/partenaires\/","name":"Partenaires - Grottes du R\u00e9gulus","isPartOf":{"@id":"https:\/\/grottesduregulus.com\/#website"},"datePublished":"2023-02-09T12:11:44+00:00","dateModified":"2026-01-14T11:20:16+00:00","breadcrumb":{"@id":"https:\/\/grottesduregulus.com\/partenaires\/#breadcrumb"},"inLanguage":"en-GB","potentialAction":[{"@type":"ReadAction","target":["https:\/\/grottesduregulus.com\/partenaires\/"]}]},{"@type":"BreadcrumbList","@id":"https:\/\/grottesduregulus.com\/partenaires\/#breadcrumb","itemListElement":[{"@type":"ListItem","position":1,"name":"Accueil","item":"https:\/\/grottesduregulus.com\/"},{"@type":"ListItem","position":2,"name":"Partenaires"}]},{"@type":"WebSite","@id":"https:\/\/grottesduregulus.com\/#website","url":"https:\/\/grottesduregulus.com\/","name":"R\u00e9gulus\u2019s caves","description":"Le site Troglodytique municipal de Meschers","publisher":{"@id":"https:\/\/grottesduregulus.com\/#organization"},"potentialAction":[{"@type":"SearchAction","target":{"@type":"EntryPoint","urlTemplate":"https:\/\/grottesduregulus.com\/?s={search_term_string}"},"query-input":{"@type":"PropertyValueSpecification","valueRequired":true,"valueName":"search_term_string"}}],"inLanguage":"en-GB"},{"@type":"Organization","@id":"https:\/\/grottesduregulus.com\/#organization","name":"R\u00e9gulus\u2019s caves","url":"https:\/\/grottesduregulus.com\/","logo":{"@type":"ImageObject","inLanguage":"en-GB","@id":"https:\/\/grottesduregulus.com\/#\/schema\/logo\/image\/","url":"https:\/\/grottesduregulus.com\/wp-content\/uploads\/2022\/02\/logo-1-300x116-1.jpg","contentUrl":"https:\/\/grottesduregulus.com\/wp-content\/uploads\/2022\/02\/logo-1-300x116-1.jpg","width":300,"height":116,"caption":"Grottes du R\u00e9gulus"},"image":{"@id":"https:\/\/grottesduregulus.com\/#\/schema\/logo\/image\/"},"sameAs":["https:\/\/www.facebook.com\/grottesduregulus\/?fref=ts","https:\/\/x.com\/GrottesR","https:\/\/www.instagram.com\/grottesduregulus\/","https:\/\/www.pinterest.fr\/pin\/404409241539547827\/"]}]}},"_links":{"self":[{"href":"https:\/\/grottesduregulus.com\/en\/wp-json\/wp\/v2\/pages\/905","targetHints":{"allow":["GET"]}}],"collection":[{"href":"https:\/\/grottesduregulus.com\/en\/wp-json\/wp\/v2\/pages"}],"about":[{"href":"https:\/\/grottesduregulus.com\/en\/wp-json\/wp\/v2\/types\/page"}],"author":[{"embeddable":true,"href":"https:\/\/grottesduregulus.com\/en\/wp-json\/wp\/v2\/users\/4"}],"replies":[{"embeddable":true,"href":"https:\/\/grottesduregulus.com\/en\/wp-json\/wp\/v2\/comments?post=905"}],"version-history":[{"count":23,"href":"https:\/\/grottesduregulus.com\/en\/wp-json\/wp\/v2\/pages\/905\/revisions"}],"predecessor-version":[{"id":2722,"href":"https:\/\/grottesduregulus.com\/en\/wp-json\/wp\/v2\/pages\/905\/revisions\/2722"}],"wp:attachment":[{"href":"https:\/\/grottesduregulus.com\/en\/wp-json\/wp\/v2\/media?parent=905"}],"curies":[{"name":"wp","href":"https:\/\/api.w.org\/{rel}","templated":true}]}}